{"id":2392,"date":"2022-09-16T15:03:51","date_gmt":"2022-09-16T13:03:51","guid":{"rendered":"https:\/\/kick.neo7.de\/?page_id=2392"},"modified":"2022-09-20T01:09:07","modified_gmt":"2022-09-19T23:09:07","slug":"raeumlichkeiten-der-khg","status":"publish","type":"page","link":"https:\/\/kick.neo7.de\/en\/raeumlichkeiten-der-khg\/","title":{"rendered":"Rooms of the KHG"},"content":{"rendered":"<p>Our building at Berrenrather Str. 127 is only a stone's throw away from the Unicampus at Albertus-Magnus-Platz. The KHG sees itself as a place of togetherness and coming together for students and staff from all Cologne universities.<\/p>\n\n\n\n<h4 class=\"wp-block-heading\">The KHG Centre has various rooms that can be used for this purpose.<\/h4>\n\n\n\n<div class=\"wp-block-query is-layout-flow wp-block-query-is-layout-flow\"><ul class=\"wp-block-post-template is-layout-flow wp-block-post-template-is-layout-flow\"><li class=\"wp-block-post post-2486 post type-post status-publish format-standard has-post-thumbnail hentry category-beitrag category-raeumlichkeiten\">\n\n<div class=\"wp-block-columns are-vertically-aligned-center is-layout-flex wp-container-core-columns-is-layout-9d6595d7 wp-block-columns-is-layout-flex\">\n<div class=\"wp-block-column is-vertically-aligned-center is-layout-flow wp-block-column-is-layout-flow\" style=\"flex-basis:50%\"><figure class=\"wp-block-post-featured-image\"><a href=\"https:\/\/kick.neo7.de\/en\/2022\/09\/19\/aula\/\" target=\"_self\"  ><img loading=\"lazy\" decoding=\"async\" width=\"800\" height=\"800\" src=\"https:\/\/kick.neo7.de\/wp-content\/uploads\/2022\/09\/Aula.jpg\" class=\"attachment-post-thumbnail size-post-thumbnail wp-post-image\" alt=\"Aula\" style=\"object-fit:cover;\" srcset=\"https:\/\/kick.neo7.de\/wp-content\/uploads\/2022\/09\/Aula.jpg 800w, https:\/\/kick.neo7.de\/wp-content\/uploads\/2022\/09\/Aula-640x640.jpg 640w, https:\/\/kick.neo7.de\/wp-content\/uploads\/2022\/09\/Aula-768x768.jpg 768w, https:\/\/kick.neo7.de\/wp-content\/uploads\/2022\/09\/Aula-12x12.jpg 12w\" sizes=\"auto, (max-width: 800px) 100vw, 800px\" \/><\/a><\/figure><\/div>\n\n\n\n<div class=\"wp-block-column is-vertically-aligned-center is-layout-flow wp-block-column-is-layout-flow\" style=\"flex-basis:75%\"><h2 class=\"wp-block-post-title\"><a href=\"https:\/\/kick.neo7.de\/en\/2022\/09\/19\/aula\/\" target=\"_self\" >Auditorium<\/a><\/h2>\n\n<div class=\"wp-block-post-excerpt\"><p class=\"wp-block-post-excerpt__excerpt\">Die&nbsp;Aula&nbsp;ist mit 345 m2 unser gr\u00f6\u00dfter Veranstaltungssaal: Hier finden Chorproben und -konzerte, Theaterauff\u00fchrungen und Tanzkurse, aber nat\u00fcrlich auch unsere eigenen Gro\u00dfveranstaltungen wie z.B. die Semesterer\u00f6ffnung<\/p><p class=\"wp-block-post-excerpt__more-text\"><a class=\"wp-block-post-excerpt__more-link\" href=\"https:\/\/kick.neo7.de\/en\/2022\/09\/19\/aula\/\">&gt; more<\/a><\/p><\/div><\/div>\n<\/div>\n\n<\/li><li class=\"wp-block-post post-2491 post type-post status-publish format-standard has-post-thumbnail hentry category-raeumlichkeiten category-beitrag\">\n\n<div class=\"wp-block-columns are-vertically-aligned-center is-layout-flex wp-container-core-columns-is-layout-9d6595d7 wp-block-columns-is-layout-flex\">\n<div class=\"wp-block-column is-vertically-aligned-center is-layout-flow wp-block-column-is-layout-flow\" style=\"flex-basis:50%\"><figure class=\"wp-block-post-featured-image\"><a href=\"https:\/\/kick.neo7.de\/en\/2022\/09\/19\/cafe-leselampe\/\" target=\"_self\"  ><img loading=\"lazy\" decoding=\"async\" width=\"800\" height=\"800\" src=\"https:\/\/kick.neo7.de\/wp-content\/uploads\/2022\/09\/Cafe-Leselampe.jpg\" class=\"attachment-post-thumbnail size-post-thumbnail wp-post-image\" alt=\"Caf\u00e9 Leselampe\" style=\"object-fit:cover;\" srcset=\"https:\/\/kick.neo7.de\/wp-content\/uploads\/2022\/09\/Cafe-Leselampe.jpg 800w, https:\/\/kick.neo7.de\/wp-content\/uploads\/2022\/09\/Cafe-Leselampe-640x640.jpg 640w, https:\/\/kick.neo7.de\/wp-content\/uploads\/2022\/09\/Cafe-Leselampe-768x768.jpg 768w, https:\/\/kick.neo7.de\/wp-content\/uploads\/2022\/09\/Cafe-Leselampe-12x12.jpg 12w\" sizes=\"auto, (max-width: 800px) 100vw, 800px\" \/><\/a><\/figure><\/div>\n\n\n\n<div class=\"wp-block-column is-vertically-aligned-center is-layout-flow wp-block-column-is-layout-flow\" style=\"flex-basis:75%\"><h2 class=\"wp-block-post-title\"><a href=\"https:\/\/kick.neo7.de\/en\/2022\/09\/19\/cafe-leselampe\/\" target=\"_self\" >Caf\u00e9 Leselampe<\/a><\/h2>\n\n<div class=\"wp-block-post-excerpt\"><p class=\"wp-block-post-excerpt__excerpt\">Ist die Unibibliothek mal wieder zu voll, dann ist das&nbsp;Caf\u00e9 Leselampe&nbsp;mit kostenfreiem WLAN ideal, um in Ruhe an den eigenen Hausarbeiten zu schreiben oder f\u00fcr<\/p><p class=\"wp-block-post-excerpt__more-text\"><a class=\"wp-block-post-excerpt__more-link\" href=\"https:\/\/kick.neo7.de\/en\/2022\/09\/19\/cafe-leselampe\/\">&gt; more<\/a><\/p><\/div><\/div>\n<\/div>\n\n<\/li><li class=\"wp-block-post post-2498 post type-post status-publish format-standard has-post-thumbnail hentry category-beitrag category-raeumlichkeiten\">\n\n<div class=\"wp-block-columns are-vertically-aligned-center is-layout-flex wp-container-core-columns-is-layout-9d6595d7 wp-block-columns-is-layout-flex\">\n<div class=\"wp-block-column is-vertically-aligned-center is-layout-flow wp-block-column-is-layout-flow\" style=\"flex-basis:50%\"><figure class=\"wp-block-post-featured-image\"><a href=\"https:\/\/kick.neo7.de\/en\/2022\/09\/19\/saeulensaal\/\" target=\"_self\"  ><img loading=\"lazy\" decoding=\"async\" width=\"800\" height=\"800\" src=\"https:\/\/kick.neo7.de\/wp-content\/uploads\/2022\/09\/Saeulensaal.jpg\" class=\"attachment-post-thumbnail size-post-thumbnail wp-post-image\" alt=\"S\u00e4ulensaal\" style=\"object-fit:cover;\" srcset=\"https:\/\/kick.neo7.de\/wp-content\/uploads\/2022\/09\/Saeulensaal.jpg 800w, https:\/\/kick.neo7.de\/wp-content\/uploads\/2022\/09\/Saeulensaal-640x640.jpg 640w, https:\/\/kick.neo7.de\/wp-content\/uploads\/2022\/09\/Saeulensaal-768x768.jpg 768w, https:\/\/kick.neo7.de\/wp-content\/uploads\/2022\/09\/Saeulensaal-12x12.jpg 12w\" sizes=\"auto, (max-width: 800px) 100vw, 800px\" \/><\/a><\/figure><\/div>\n\n\n\n<div class=\"wp-block-column is-vertically-aligned-center is-layout-flow wp-block-column-is-layout-flow\" style=\"flex-basis:75%\"><h2 class=\"wp-block-post-title\"><a href=\"https:\/\/kick.neo7.de\/en\/2022\/09\/19\/saeulensaal\/\" target=\"_self\" >Pillar Room<\/a><\/h2>\n\n<div class=\"wp-block-post-excerpt\"><p class=\"wp-block-post-excerpt__excerpt translation-block\">The <strong>Pillar Room<\/strong> (87m<sup>2<\/sup>) with permanently installed beamer is one of several rooms that can be used for meetings, discussion rounds, presentations and similar formats.<\/p><p class=\"wp-block-post-excerpt__more-text\"><a class=\"wp-block-post-excerpt__more-link\" href=\"https:\/\/kick.neo7.de\/en\/2022\/09\/19\/saeulensaal\/\">&gt; more<\/a><\/p><\/div><\/div>\n<\/div>\n\n<\/li><li class=\"wp-block-post post-2503 post type-post status-publish format-standard has-post-thumbnail hentry category-beitrag category-raeumlichkeiten\">\n\n<div class=\"wp-block-columns are-vertically-aligned-center is-layout-flex wp-container-core-columns-is-layout-9d6595d7 wp-block-columns-is-layout-flex\">\n<div class=\"wp-block-column is-vertically-aligned-center is-layout-flow wp-block-column-is-layout-flow\" style=\"flex-basis:50%\"><figure class=\"wp-block-post-featured-image\"><a href=\"https:\/\/kick.neo7.de\/en\/2022\/09\/19\/musikraum\/\" target=\"_self\"  ><img loading=\"lazy\" decoding=\"async\" width=\"800\" height=\"800\" src=\"https:\/\/kick.neo7.de\/wp-content\/uploads\/2022\/09\/Musikraum.jpg\" class=\"attachment-post-thumbnail size-post-thumbnail wp-post-image\" alt=\"Musikraum\" style=\"object-fit:cover;\" srcset=\"https:\/\/kick.neo7.de\/wp-content\/uploads\/2022\/09\/Musikraum.jpg 800w, https:\/\/kick.neo7.de\/wp-content\/uploads\/2022\/09\/Musikraum-640x640.jpg 640w, https:\/\/kick.neo7.de\/wp-content\/uploads\/2022\/09\/Musikraum-768x768.jpg 768w, https:\/\/kick.neo7.de\/wp-content\/uploads\/2022\/09\/Musikraum-12x12.jpg 12w\" sizes=\"auto, (max-width: 800px) 100vw, 800px\" \/><\/a><\/figure><\/div>\n\n\n\n<div class=\"wp-block-column is-vertically-aligned-center is-layout-flow wp-block-column-is-layout-flow\" style=\"flex-basis:75%\"><h2 class=\"wp-block-post-title\"><a href=\"https:\/\/kick.neo7.de\/en\/2022\/09\/19\/musikraum\/\" target=\"_self\" >Music room<\/a><\/h2>\n\n<div class=\"wp-block-post-excerpt\"><p class=\"wp-block-post-excerpt__excerpt\">Unser voll ausgestatteter&nbsp;Musikraum&nbsp;ist mit Gitarren, Drumset, Amps und Aktivboxen eingerichtet und eignet sich perfekt f\u00fcr kleinere Bandproben. Studierende der Musik nutzen aber auch gerne Aula<\/p><p class=\"wp-block-post-excerpt__more-text\"><a class=\"wp-block-post-excerpt__more-link\" href=\"https:\/\/kick.neo7.de\/en\/2022\/09\/19\/musikraum\/\">&gt; more<\/a><\/p><\/div><\/div>\n<\/div>\n\n<\/li><li class=\"wp-block-post post-2509 post type-post status-publish format-standard has-post-thumbnail hentry category-beitrag category-raeumlichkeiten\">\n\n<div class=\"wp-block-columns are-vertically-aligned-center is-layout-flex wp-container-core-columns-is-layout-9d6595d7 wp-block-columns-is-layout-flex\">\n<div class=\"wp-block-column is-vertically-aligned-center is-layout-flow wp-block-column-is-layout-flow\" style=\"flex-basis:50%\"><figure class=\"wp-block-post-featured-image\"><a href=\"https:\/\/kick.neo7.de\/en\/2022\/09\/19\/meditationsraum\/\" target=\"_self\"  ><img loading=\"lazy\" decoding=\"async\" width=\"960\" height=\"960\" src=\"https:\/\/kick.neo7.de\/wp-content\/uploads\/2022\/09\/Meditation.jpeg\" class=\"attachment-post-thumbnail size-post-thumbnail wp-post-image\" alt=\"Meditationsraum\" style=\"object-fit:cover;\" srcset=\"https:\/\/kick.neo7.de\/wp-content\/uploads\/2022\/09\/Meditation.jpeg 960w, https:\/\/kick.neo7.de\/wp-content\/uploads\/2022\/09\/Meditation-800x800.jpeg 800w, https:\/\/kick.neo7.de\/wp-content\/uploads\/2022\/09\/Meditation-640x640.jpeg 640w, https:\/\/kick.neo7.de\/wp-content\/uploads\/2022\/09\/Meditation-768x768.jpeg 768w, https:\/\/kick.neo7.de\/wp-content\/uploads\/2022\/09\/Meditation-12x12.jpeg 12w\" sizes=\"auto, (max-width: 960px) 100vw, 960px\" \/><\/a><\/figure><\/div>\n\n\n\n<div class=\"wp-block-column is-vertically-aligned-center is-layout-flow wp-block-column-is-layout-flow\" style=\"flex-basis:75%\"><h2 class=\"wp-block-post-title\"><a href=\"https:\/\/kick.neo7.de\/en\/2022\/09\/19\/meditationsraum\/\" target=\"_self\" >Meditation room<\/a><\/h2>\n\n<div class=\"wp-block-post-excerpt\"><p class=\"wp-block-post-excerpt__excerpt\">Der\u00a0Meditationsraum\u00a0(68 m2), vollst\u00e4ndig ausgelegt mit Teppichboden, ist f\u00fcr ruhigere und besinnlichere Stunden gedacht \u2013 hier findet beispielsweise immer montags ab 18h30 Hatha Yoga und dienstags<\/p><p class=\"wp-block-post-excerpt__more-text\"><a class=\"wp-block-post-excerpt__more-link\" href=\"https:\/\/kick.neo7.de\/en\/2022\/09\/19\/meditationsraum\/\">&gt; more<\/a><\/p><\/div><\/div>\n<\/div>\n\n<\/li><li class=\"wp-block-post post-2515 post type-post status-publish format-standard has-post-thumbnail hentry category-beitrag category-raeumlichkeiten\">\n\n<div class=\"wp-block-columns are-vertically-aligned-center is-layout-flex wp-container-core-columns-is-layout-9d6595d7 wp-block-columns-is-layout-flex\">\n<div class=\"wp-block-column is-vertically-aligned-center is-layout-flow wp-block-column-is-layout-flow\" style=\"flex-basis:50%\"><figure class=\"wp-block-post-featured-image\"><a href=\"https:\/\/kick.neo7.de\/en\/2022\/09\/19\/vatikaenchen\/\" target=\"_self\"  ><img loading=\"lazy\" decoding=\"async\" width=\"720\" height=\"720\" src=\"https:\/\/kick.neo7.de\/wp-content\/uploads\/2022\/09\/Vatikaenchen.jpg\" class=\"attachment-post-thumbnail size-post-thumbnail wp-post-image\" alt=\"Vatik\u00e4nchen\" style=\"object-fit:cover;\" srcset=\"https:\/\/kick.neo7.de\/wp-content\/uploads\/2022\/09\/Vatikaenchen.jpg 720w, https:\/\/kick.neo7.de\/wp-content\/uploads\/2022\/09\/Vatikaenchen-640x640.jpg 640w, https:\/\/kick.neo7.de\/wp-content\/uploads\/2022\/09\/Vatikaenchen-12x12.jpg 12w\" sizes=\"auto, (max-width: 720px) 100vw, 720px\" \/><\/a><\/figure><\/div>\n\n\n\n<div class=\"wp-block-column is-vertically-aligned-center is-layout-flow wp-block-column-is-layout-flow\" style=\"flex-basis:75%\"><h2 class=\"wp-block-post-title\"><a href=\"https:\/\/kick.neo7.de\/en\/2022\/09\/19\/vatikaenchen\/\" target=\"_self\" >Vatik\u00e4nchen<\/a><\/h2>\n\n<div class=\"wp-block-post-excerpt\"><p class=\"wp-block-post-excerpt__excerpt\">Das\u00a0Vatik\u00e4nchen\u00a0(257 m2) ist unser Partyraum: Voll ausgestattet mit professioneller K\u00fchlanlage, Lichtset und Boxen k\u00f6nnen Studierende und Hochschulgruppen hier zu g\u00fcnstigen Konditionen feiern. Nach langer Corona<\/p><p class=\"wp-block-post-excerpt__more-text\"><a class=\"wp-block-post-excerpt__more-link\" href=\"https:\/\/kick.neo7.de\/en\/2022\/09\/19\/vatikaenchen\/\">&gt; more<\/a><\/p><\/div><\/div>\n<\/div>\n\n<\/li><li class=\"wp-block-post post-2519 post type-post status-publish format-standard has-post-thumbnail hentry category-raeumlichkeiten category-beitrag\">\n\n<div class=\"wp-block-columns are-vertically-aligned-center is-layout-flex wp-container-core-columns-is-layout-9d6595d7 wp-block-columns-is-layout-flex\">\n<div class=\"wp-block-column is-vertically-aligned-center is-layout-flow wp-block-column-is-layout-flow\" style=\"flex-basis:50%\"><figure class=\"wp-block-post-featured-image\"><a href=\"https:\/\/kick.neo7.de\/en\/2022\/09\/19\/kirche-hl-johannes-xxiii\/\" target=\"_self\"  ><img loading=\"lazy\" decoding=\"async\" width=\"1600\" height=\"1600\" src=\"https:\/\/kick.neo7.de\/wp-content\/uploads\/2022\/09\/khg-kirche.jpg\" class=\"attachment-post-thumbnail size-post-thumbnail wp-post-image\" alt=\"Kirche Hl. Johannes XXIII.\" style=\"object-fit:cover;\" srcset=\"https:\/\/kick.neo7.de\/wp-content\/uploads\/2022\/09\/khg-kirche.jpg 1600w, https:\/\/kick.neo7.de\/wp-content\/uploads\/2022\/09\/khg-kirche-800x800.jpg 800w, https:\/\/kick.neo7.de\/wp-content\/uploads\/2022\/09\/khg-kirche-1200x1200.jpg 1200w, https:\/\/kick.neo7.de\/wp-content\/uploads\/2022\/09\/khg-kirche-640x640.jpg 640w, https:\/\/kick.neo7.de\/wp-content\/uploads\/2022\/09\/khg-kirche-768x768.jpg 768w, https:\/\/kick.neo7.de\/wp-content\/uploads\/2022\/09\/khg-kirche-1536x1536.jpg 1536w, https:\/\/kick.neo7.de\/wp-content\/uploads\/2022\/09\/khg-kirche-12x12.jpg 12w\" sizes=\"auto, (max-width: 1600px) 100vw, 1600px\" \/><\/a><\/figure><\/div>\n\n\n\n<div class=\"wp-block-column is-vertically-aligned-center is-layout-flow wp-block-column-is-layout-flow\" style=\"flex-basis:75%\"><h2 class=\"wp-block-post-title\"><a href=\"https:\/\/kick.neo7.de\/en\/2022\/09\/19\/kirche-hl-johannes-xxiii\/\" target=\"_self\" >Kirche Hl. Johannes XXIII.<\/a><\/h2>\n\n<div class=\"wp-block-post-excerpt\"><p class=\"wp-block-post-excerpt__excerpt\">Of course, our church St. John XXIII is also part of the KHG premises, where our services take place.<\/p><p class=\"wp-block-post-excerpt__more-text\"><a class=\"wp-block-post-excerpt__more-link\" href=\"https:\/\/kick.neo7.de\/en\/2022\/09\/19\/kirche-hl-johannes-xxiii\/\">&gt; more<\/a><\/p><\/div><\/div>\n<\/div>\n\n<\/li><\/ul><\/div>","protected":false},"excerpt":{"rendered":"<p>Unser Geb\u00e4ude an der Berrenrather Str. 127 ist nur ein Katzensprung vom Unicampus am Albertus-Magnus-Platz entfernt. Die KHG versteht sich als Ort des Miteinanders und&hellip;<\/p>","protected":false},"author":1,"featured_media":0,"parent":0,"menu_order":1,"comment_status":"closed","ping_status":"closed","template":"","meta":{"ngg_post_thumbnail":0,"footnotes":""},"class_list":["post-2392","page","type-page","status-publish","hentry"],"_links":{"self":[{"href":"https:\/\/kick.neo7.de\/en\/wp-json\/wp\/v2\/pages\/2392","targetHints":{"allow":["GET"]}}],"collection":[{"href":"https:\/\/kick.neo7.de\/en\/wp-json\/wp\/v2\/pages"}],"about":[{"href":"https:\/\/kick.neo7.de\/en\/wp-json\/wp\/v2\/types\/page"}],"author":[{"embeddable":true,"href":"https:\/\/kick.neo7.de\/en\/wp-json\/wp\/v2\/users\/1"}],"replies":[{"embeddable":true,"href":"https:\/\/kick.neo7.de\/en\/wp-json\/wp\/v2\/comments?post=2392"}],"version-history":[{"count":10,"href":"https:\/\/kick.neo7.de\/en\/wp-json\/wp\/v2\/pages\/2392\/revisions"}],"predecessor-version":[{"id":2599,"href":"https:\/\/kick.neo7.de\/en\/wp-json\/wp\/v2\/pages\/2392\/revisions\/2599"}],"wp:attachment":[{"href":"https:\/\/kick.neo7.de\/en\/wp-json\/wp\/v2\/media?parent=2392"}],"curies":[{"name":"wp","href":"https:\/\/api.w.org\/{rel}","templated":true}]}}